{"id":1024,"date":"2018-03-21T11:07:52","date_gmt":"2018-03-21T11:07:52","guid":{"rendered":"http:\/\/localhost\/torola\/?page_id=439"},"modified":"2024-01-22T22:41:58","modified_gmt":"2024-01-22T22:41:58","slug":"proyectos","status":"publish","type":"page","link":"https:\/\/www.rousseau.com.mx\/ingles\/proyectos\/","title":{"rendered":"Projects"},"content":{"rendered":"<section class=\"hero hero-fullscreen background-parallax d-flex\" data-background=\"https:\/\/www.rousseau.com.mx\/wp-content\/uploads\/2021\/09\/ID30858-2-scaled.jpg\"  data-overlay=\"black; .6\">\r\n\r\n        \t\t\t<div class=\"align-self-end pb-10 fullwidth text-center text-light\">\r\n        \t\t\t\t<h3 class=\"page-title-alt\">Projects<\/h3>\r\n        \t\t\t\t<p class=\"uppercase small\">Rousseau Arquitectos<\/p>\r\n        \t\t\t<\/div>\r\n\r\n\t\t        <\/section><section class=\"vc_custom_1606455604028 row-has-fill\"><div class=\"columns col-sm-12\"><div class=\"vc_empty_space\"   style=\"height: 45px\" ><span class=\"vc_empty_space_inner\"><\/span><\/div>\n<p id=\"folioFilter\" class=\"text-links small uppercase opacity-09 mb-6\"><a href=\"#\" data-filter=\"*\" class=\"is-active\">All<\/a><a href=\"#\" data-filter=\".comercial\">Comercial<\/a><a href=\"#\" data-filter=\".departamentos\">Departamentos<\/a><a href=\"#\" data-filter=\".multifamiliar\">Multifamiliar<\/a><a href=\"#\" data-filter=\".residencial\">Residencial<\/a><a href=\"#\" data-filter=\".uso-mixto\">Uso Mixto<\/a><\/p><div class=\"grid lightbox\" data-columns=\"4\" data-gutter=\"5\" data-cell-ratio=\"3\/4\" data-filter=\"#folioFilter\"><figure class=\"portfolio-item residencial\" data-background=\"https:\/\/www.rousseau.com.mx\/wp-content\/uploads\/2024\/01\/image2-scaled.jpeg\">\r\n                \t\t\t\t<a href=\"https:\/\/www.rousseau.com.mx\/wp-content\/uploads\/2024\/01\/image2-scaled.jpeg\" class=\"lightbox-link\" title=\"PAR RESIDENCIA\"><\/a>\r\n                \t\t\t\t<figcaption>\r\n                \t\t\t\t\t<h5 class=\"item-title\">\r\n                \t\t\t\t\t\t<a href=\"https:\/\/www.rousseau.com.mx\/ingles\/fwp_project\/par-residencia\/\">PAR RESIDENCIA<\/a>\r\n                \t\t\t\t\t<\/h5>\r\n                \t\t\t\t\t<p class=\"text-links\">\r\n            \t\t\t\t\t\t    Residencial\r\n                \t\t\t\t\t<\/p>\r\n                \t\t\t\t<\/figcaption>\r\n                \t\t\t<\/figure><figure class=\"portfolio-item residencial\" data-background=\"https:\/\/www.rousseau.com.mx\/wp-content\/uploads\/2023\/12\/0012_RENDERS_9-Photo_9-Photo_1-Photo-scaled.jpg\">\r\n                \t\t\t\t<a href=\"https:\/\/www.rousseau.com.mx\/wp-content\/uploads\/2023\/12\/0012_RENDERS_9-Photo_9-Photo_1-Photo-scaled.jpg\" class=\"lightbox-link\" title=\"DUBLIN\"><\/a>\r\n                \t\t\t\t<figcaption>\r\n                \t\t\t\t\t<h5 class=\"item-title\">\r\n                \t\t\t\t\t\t<a href=\"https:\/\/www.rousseau.com.mx\/ingles\/fwp_project\/dublin\/\">DUBLIN<\/a>\r\n                \t\t\t\t\t<\/h5>\r\n                \t\t\t\t\t<p class=\"text-links\">\r\n            \t\t\t\t\t\t    Residencial\r\n                \t\t\t\t\t<\/p>\r\n                \t\t\t\t<\/figcaption>\r\n                \t\t\t<\/figure><figure class=\"portfolio-item residencial\" data-background=\"https:\/\/www.rousseau.com.mx\/wp-content\/uploads\/2023\/05\/ID39469-1.jpg\">\r\n                \t\t\t\t<a href=\"https:\/\/www.rousseau.com.mx\/wp-content\/uploads\/2023\/05\/ID39469-1.jpg\" class=\"lightbox-link\" title=\"M\u00d3NACO\"><\/a>\r\n                \t\t\t\t<figcaption>\r\n                \t\t\t\t\t<h5 class=\"item-title\">\r\n                \t\t\t\t\t\t<a href=\"https:\/\/www.rousseau.com.mx\/ingles\/fwp_project\/monaco\/\">M\u00d3NACO<\/a>\r\n                \t\t\t\t\t<\/h5>\r\n                \t\t\t\t\t<p class=\"text-links\">\r\n            \t\t\t\t\t\t    Residencial\r\n                \t\t\t\t\t<\/p>\r\n                \t\t\t\t<\/figcaption>\r\n                \t\t\t<\/figure><figure class=\"portfolio-item residencial\" data-background=\"https:\/\/www.rousseau.com.mx\/wp-content\/uploads\/2023\/05\/ID31142-scaled.jpg\">\r\n                \t\t\t\t<a href=\"https:\/\/www.rousseau.com.mx\/wp-content\/uploads\/2023\/05\/ID31142-scaled.jpg\" class=\"lightbox-link\" title=\"FLORENCIA\"><\/a>\r\n                \t\t\t\t<figcaption>\r\n                \t\t\t\t\t<h5 class=\"item-title\">\r\n                \t\t\t\t\t\t<a href=\"https:\/\/www.rousseau.com.mx\/ingles\/fwp_project\/florencia\/\">FLORENCIA<\/a>\r\n                \t\t\t\t\t<\/h5>\r\n                \t\t\t\t\t<p class=\"text-links\">\r\n            \t\t\t\t\t\t    Residencial\r\n                \t\t\t\t\t<\/p>\r\n                \t\t\t\t<\/figcaption>\r\n                \t\t\t<\/figure><figure class=\"portfolio-item multifamiliar\" data-background=\"https:\/\/www.rousseau.com.mx\/wp-content\/uploads\/2022\/10\/Porterior_noche-scaled.jpg\">\r\n                \t\t\t\t<a href=\"https:\/\/www.rousseau.com.mx\/wp-content\/uploads\/2022\/10\/Porterior_noche-scaled.jpg\" class=\"lightbox-link\" title=\"MARES\u00cdA\"><\/a>\r\n                \t\t\t\t<figcaption>\r\n                \t\t\t\t\t<h5 class=\"item-title\">\r\n                \t\t\t\t\t\t<a href=\"https:\/\/www.rousseau.com.mx\/ingles\/fwp_project\/maresia\/\">MARES\u00cdA<\/a>\r\n                \t\t\t\t\t<\/h5>\r\n                \t\t\t\t\t<p class=\"text-links\">\r\n            \t\t\t\t\t\t    Multifamiliar\r\n                \t\t\t\t\t<\/p>\r\n                \t\t\t\t<\/figcaption>\r\n                \t\t\t<\/figure><figure class=\"portfolio-item residencial\" data-background=\"https:\/\/www.rousseau.com.mx\/wp-content\/uploads\/2022\/10\/ID30765-scaled.jpg\">\r\n                \t\t\t\t<a href=\"https:\/\/www.rousseau.com.mx\/wp-content\/uploads\/2022\/10\/ID30765-scaled.jpg\" class=\"lightbox-link\" title=\"LAS MISIONES\"><\/a>\r\n                \t\t\t\t<figcaption>\r\n                \t\t\t\t\t<h5 class=\"item-title\">\r\n                \t\t\t\t\t\t<a href=\"https:\/\/www.rousseau.com.mx\/ingles\/fwp_project\/las-misiones\/\">LAS MISIONES<\/a>\r\n                \t\t\t\t\t<\/h5>\r\n                \t\t\t\t\t<p class=\"text-links\">\r\n            \t\t\t\t\t\t    Residencial\r\n                \t\t\t\t\t<\/p>\r\n                \t\t\t\t<\/figcaption>\r\n                \t\t\t<\/figure><figure class=\"portfolio-item departamentos multifamiliar\" data-background=\"https:\/\/www.rousseau.com.mx\/wp-content\/uploads\/2022\/10\/ID33822.jpg\">\r\n                \t\t\t\t<a href=\"https:\/\/www.rousseau.com.mx\/wp-content\/uploads\/2022\/10\/ID33822.jpg\" class=\"lightbox-link\" title=\"PUNTO CENTRAL\"><\/a>\r\n                \t\t\t\t<figcaption>\r\n                \t\t\t\t\t<h5 class=\"item-title\">\r\n                \t\t\t\t\t\t<a href=\"https:\/\/www.rousseau.com.mx\/ingles\/fwp_project\/punto-central-2\/\">PUNTO CENTRAL<\/a>\r\n                \t\t\t\t\t<\/h5>\r\n                \t\t\t\t\t<p class=\"text-links\">\r\n            \t\t\t\t\t\t    Departamentos \/ Multifamiliar\r\n                \t\t\t\t\t<\/p>\r\n                \t\t\t\t<\/figcaption>\r\n                \t\t\t<\/figure><figure class=\"portfolio-item residencial\" data-background=\"https:\/\/www.rousseau.com.mx\/wp-content\/uploads\/2021\/09\/1.jpg\">\r\n                \t\t\t\t<a href=\"https:\/\/www.rousseau.com.mx\/wp-content\/uploads\/2021\/09\/1.jpg\" class=\"lightbox-link\" title=\"SAN AGUST\u00cdN CAMPESTRE\"><\/a>\r\n                \t\t\t\t<figcaption>\r\n                \t\t\t\t\t<h5 class=\"item-title\">\r\n                \t\t\t\t\t\t<a href=\"https:\/\/www.rousseau.com.mx\/ingles\/fwp_project\/san-agustin-campestre\/\">SAN AGUST\u00cdN CAMPESTRE<\/a>\r\n                \t\t\t\t\t<\/h5>\r\n                \t\t\t\t\t<p class=\"text-links\">\r\n            \t\t\t\t\t\t    Residencial\r\n                \t\t\t\t\t<\/p>\r\n                \t\t\t\t<\/figcaption>\r\n                \t\t\t<\/figure><figure class=\"portfolio-item residencial\" data-background=\"https:\/\/www.rousseau.com.mx\/wp-content\/uploads\/2021\/09\/ID30858-scaled.jpg\">\r\n                \t\t\t\t<a href=\"https:\/\/www.rousseau.com.mx\/wp-content\/uploads\/2021\/09\/ID30858-scaled.jpg\" class=\"lightbox-link\" title=\"MB SAN PEDRO\"><\/a>\r\n                \t\t\t\t<figcaption>\r\n                \t\t\t\t\t<h5 class=\"item-title\">\r\n                \t\t\t\t\t\t<a href=\"https:\/\/www.rousseau.com.mx\/ingles\/fwp_project\/valle-de-san-angel-2\/\">MB SAN PEDRO<\/a>\r\n                \t\t\t\t\t<\/h5>\r\n                \t\t\t\t\t<p class=\"text-links\">\r\n            \t\t\t\t\t\t    Residencial\r\n                \t\t\t\t\t<\/p>\r\n                \t\t\t\t<\/figcaption>\r\n                \t\t\t<\/figure><figure class=\"portfolio-item residencial\" data-background=\"https:\/\/www.rousseau.com.mx\/wp-content\/uploads\/2020\/07\/CasaRussek_JBF_1202-1-scaled.jpg\">\r\n                \t\t\t\t<a href=\"https:\/\/www.rousseau.com.mx\/wp-content\/uploads\/2020\/07\/CasaRussek_JBF_1202-1-scaled.jpg\" class=\"lightbox-link\" title=\"Valle De San \u00c1ngel\"><\/a>\r\n                \t\t\t\t<figcaption>\r\n                \t\t\t\t\t<h5 class=\"item-title\">\r\n                \t\t\t\t\t\t<a href=\"https:\/\/www.rousseau.com.mx\/ingles\/fwp_project\/valle-de-san-angel\/\">Valle De San \u00c1ngel<\/a>\r\n                \t\t\t\t\t<\/h5>\r\n                \t\t\t\t\t<p class=\"text-links\">\r\n            \t\t\t\t\t\t    Residencial\r\n                \t\t\t\t\t<\/p>\r\n                \t\t\t\t<\/figcaption>\r\n                \t\t\t<\/figure><figure class=\"portfolio-item residencial\" data-background=\"https:\/\/www.rousseau.com.mx\/wp-content\/uploads\/2020\/07\/ALBERCA.jpg\">\r\n                \t\t\t\t<a href=\"https:\/\/www.rousseau.com.mx\/wp-content\/uploads\/2020\/07\/ALBERCA.jpg\" class=\"lightbox-link\" title=\"Tec 196\"><\/a>\r\n                \t\t\t\t<figcaption>\r\n                \t\t\t\t\t<h5 class=\"item-title\">\r\n                \t\t\t\t\t\t<a href=\"https:\/\/www.rousseau.com.mx\/ingles\/fwp_project\/tec-196\/\">Tec 196<\/a>\r\n                \t\t\t\t\t<\/h5>\r\n                \t\t\t\t\t<p class=\"text-links\">\r\n            \t\t\t\t\t\t    Residencial\r\n                \t\t\t\t\t<\/p>\r\n                \t\t\t\t<\/figcaption>\r\n                \t\t\t<\/figure><figure class=\"portfolio-item residencial\" data-background=\"https:\/\/www.rousseau.com.mx\/wp-content\/uploads\/2020\/07\/San_Patricio_Rosseau_Arquitectos-8.jpg\">\r\n                \t\t\t\t<a href=\"https:\/\/www.rousseau.com.mx\/wp-content\/uploads\/2020\/07\/San_Patricio_Rosseau_Arquitectos-8.jpg\" class=\"lightbox-link\" title=\"San Patricio\"><\/a>\r\n                \t\t\t\t<figcaption>\r\n                \t\t\t\t\t<h5 class=\"item-title\">\r\n                \t\t\t\t\t\t<a href=\"https:\/\/www.rousseau.com.mx\/ingles\/fwp_project\/san-patricio\/\">San Patricio<\/a>\r\n                \t\t\t\t\t<\/h5>\r\n                \t\t\t\t\t<p class=\"text-links\">\r\n            \t\t\t\t\t\t    Residencial\r\n                \t\t\t\t\t<\/p>\r\n                \t\t\t\t<\/figcaption>\r\n                \t\t\t<\/figure><figure class=\"portfolio-item uso-mixto\" data-background=\"https:\/\/www.rousseau.com.mx\/wp-content\/uploads\/2020\/07\/ID39520.jpg\">\r\n                \t\t\t\t<a href=\"https:\/\/www.rousseau.com.mx\/wp-content\/uploads\/2020\/07\/ID39520.jpg\" class=\"lightbox-link\" title=\"Nuevo Sur\"><\/a>\r\n                \t\t\t\t<figcaption>\r\n                \t\t\t\t\t<h5 class=\"item-title\">\r\n                \t\t\t\t\t\t<a href=\"https:\/\/www.rousseau.com.mx\/ingles\/fwp_project\/nuevo-sur\/\">Nuevo Sur<\/a>\r\n                \t\t\t\t\t<\/h5>\r\n                \t\t\t\t\t<p class=\"text-links\">\r\n            \t\t\t\t\t\t    Uso Mixto\r\n                \t\t\t\t\t<\/p>\r\n                \t\t\t\t<\/figcaption>\r\n                \t\t\t<\/figure><figure class=\"portfolio-item residencial\" data-background=\"https:\/\/www.rousseau.com.mx\/wp-content\/uploads\/2020\/07\/ID34556.jpg\">\r\n                \t\t\t\t<a href=\"https:\/\/www.rousseau.com.mx\/wp-content\/uploads\/2020\/07\/ID34556.jpg\" class=\"lightbox-link\" title=\"La Punta\"><\/a>\r\n                \t\t\t\t<figcaption>\r\n                \t\t\t\t\t<h5 class=\"item-title\">\r\n                \t\t\t\t\t\t<a href=\"https:\/\/www.rousseau.com.mx\/ingles\/fwp_project\/la-punta\/\">La Punta<\/a>\r\n                \t\t\t\t\t<\/h5>\r\n                \t\t\t\t\t<p class=\"text-links\">\r\n            \t\t\t\t\t\t    Residencial\r\n                \t\t\t\t\t<\/p>\r\n                \t\t\t\t<\/figcaption>\r\n                \t\t\t<\/figure><figure class=\"portfolio-item residencial\" data-background=\"https:\/\/www.rousseau.com.mx\/wp-content\/uploads\/2020\/07\/Rousseau_Arquitectos_Monterrey_9.jpg\">\r\n                \t\t\t\t<a href=\"https:\/\/www.rousseau.com.mx\/wp-content\/uploads\/2020\/07\/Rousseau_Arquitectos_Monterrey_9.jpg\" class=\"lightbox-link\" title=\"Prados De La Sierra\"><\/a>\r\n                \t\t\t\t<figcaption>\r\n                \t\t\t\t\t<h5 class=\"item-title\">\r\n                \t\t\t\t\t\t<a href=\"https:\/\/www.rousseau.com.mx\/ingles\/fwp_project\/prados-de-la-sierra\/\">Prados De La Sierra<\/a>\r\n                \t\t\t\t\t<\/h5>\r\n                \t\t\t\t\t<p class=\"text-links\">\r\n            \t\t\t\t\t\t    Residencial\r\n                \t\t\t\t\t<\/p>\r\n                \t\t\t\t<\/figcaption>\r\n                \t\t\t<\/figure><figure class=\"portfolio-item residencial\" data-background=\"https:\/\/www.rousseau.com.mx\/wp-content\/uploads\/2020\/07\/CasaRousseau_JBF_2272-1.jpg\">\r\n                \t\t\t\t<a href=\"https:\/\/www.rousseau.com.mx\/wp-content\/uploads\/2020\/07\/CasaRousseau_JBF_2272-1.jpg\" class=\"lightbox-link\" title=\"Marsella\"><\/a>\r\n                \t\t\t\t<figcaption>\r\n                \t\t\t\t\t<h5 class=\"item-title\">\r\n                \t\t\t\t\t\t<a href=\"https:\/\/www.rousseau.com.mx\/ingles\/fwp_project\/marsella\/\">Marsella<\/a>\r\n                \t\t\t\t\t<\/h5>\r\n                \t\t\t\t\t<p class=\"text-links\">\r\n            \t\t\t\t\t\t    Residencial\r\n                \t\t\t\t\t<\/p>\r\n                \t\t\t\t<\/figcaption>\r\n                \t\t\t<\/figure><figure class=\"portfolio-item residencial\" data-background=\"https:\/\/www.rousseau.com.mx\/wp-content\/uploads\/2020\/07\/ID30350.jpg\">\r\n                \t\t\t\t<a href=\"https:\/\/www.rousseau.com.mx\/wp-content\/uploads\/2020\/07\/ID30350.jpg\" class=\"lightbox-link\" title=\"Miguel \u00c1ngel\"><\/a>\r\n                \t\t\t\t<figcaption>\r\n                \t\t\t\t\t<h5 class=\"item-title\">\r\n                \t\t\t\t\t\t<a href=\"https:\/\/www.rousseau.com.mx\/ingles\/fwp_project\/miguel-angel\/\">Miguel \u00c1ngel<\/a>\r\n                \t\t\t\t\t<\/h5>\r\n                \t\t\t\t\t<p class=\"text-links\">\r\n            \t\t\t\t\t\t    Residencial\r\n                \t\t\t\t\t<\/p>\r\n                \t\t\t\t<\/figcaption>\r\n                \t\t\t<\/figure><figure class=\"portfolio-item residencial\" data-background=\"https:\/\/www.rousseau.com.mx\/wp-content\/uploads\/2020\/07\/ID35445.jpg\">\r\n                \t\t\t\t<a href=\"https:\/\/www.rousseau.com.mx\/wp-content\/uploads\/2020\/07\/ID35445.jpg\" class=\"lightbox-link\" title=\"La Escondida\"><\/a>\r\n                \t\t\t\t<figcaption>\r\n                \t\t\t\t\t<h5 class=\"item-title\">\r\n                \t\t\t\t\t\t<a href=\"https:\/\/www.rousseau.com.mx\/ingles\/fwp_project\/la-escondida\/\">La Escondida<\/a>\r\n                \t\t\t\t\t<\/h5>\r\n                \t\t\t\t\t<p class=\"text-links\">\r\n            \t\t\t\t\t\t    Residencial\r\n                \t\t\t\t\t<\/p>\r\n                \t\t\t\t<\/figcaption>\r\n                \t\t\t<\/figure><figure class=\"portfolio-item residencial\" data-background=\"https:\/\/www.rousseau.com.mx\/wp-content\/uploads\/2020\/07\/ID39516.jpg\">\r\n                \t\t\t\t<a href=\"https:\/\/www.rousseau.com.mx\/wp-content\/uploads\/2020\/07\/ID39516.jpg\" class=\"lightbox-link\" title=\"Casa F\u00e1tima\"><\/a>\r\n                \t\t\t\t<figcaption>\r\n                \t\t\t\t\t<h5 class=\"item-title\">\r\n                \t\t\t\t\t\t<a href=\"https:\/\/www.rousseau.com.mx\/ingles\/fwp_project\/casa-fatima\/\">Casa F\u00e1tima<\/a>\r\n                \t\t\t\t\t<\/h5>\r\n                \t\t\t\t\t<p class=\"text-links\">\r\n            \t\t\t\t\t\t    Residencial\r\n                \t\t\t\t\t<\/p>\r\n                \t\t\t\t<\/figcaption>\r\n                \t\t\t<\/figure><figure class=\"portfolio-item uso-mixto\" data-background=\"https:\/\/www.rousseau.com.mx\/wp-content\/uploads\/2020\/07\/Connexity-louvers-detalle.jpg\">\r\n                \t\t\t\t<a href=\"https:\/\/www.rousseau.com.mx\/wp-content\/uploads\/2020\/07\/Connexity-louvers-detalle.jpg\" class=\"lightbox-link\" title=\"Connexity\"><\/a>\r\n                \t\t\t\t<figcaption>\r\n                \t\t\t\t\t<h5 class=\"item-title\">\r\n                \t\t\t\t\t\t<a href=\"https:\/\/www.rousseau.com.mx\/ingles\/fwp_project\/connexity\/\">Connexity<\/a>\r\n                \t\t\t\t\t<\/h5>\r\n                \t\t\t\t\t<p class=\"text-links\">\r\n            \t\t\t\t\t\t    Uso Mixto\r\n                \t\t\t\t\t<\/p>\r\n                \t\t\t\t<\/figcaption>\r\n                \t\t\t<\/figure><figure class=\"portfolio-item residencial\" data-background=\"https:\/\/www.rousseau.com.mx\/wp-content\/uploads\/2020\/07\/FACHADA-PPAL-CASA-CUATRO.jpg\">\r\n                \t\t\t\t<a href=\"https:\/\/www.rousseau.com.mx\/wp-content\/uploads\/2020\/07\/FACHADA-PPAL-CASA-CUATRO.jpg\" class=\"lightbox-link\" title=\"Casa Cuatro\"><\/a>\r\n                \t\t\t\t<figcaption>\r\n                \t\t\t\t\t<h5 class=\"item-title\">\r\n                \t\t\t\t\t\t<a href=\"https:\/\/www.rousseau.com.mx\/ingles\/fwp_project\/casa-cuatro\/\">Casa Cuatro<\/a>\r\n                \t\t\t\t\t<\/h5>\r\n                \t\t\t\t\t<p class=\"text-links\">\r\n            \t\t\t\t\t\t    Residencial\r\n                \t\t\t\t\t<\/p>\r\n                \t\t\t\t<\/figcaption>\r\n                \t\t\t<\/figure><figure class=\"portfolio-item comercial\" data-background=\"https:\/\/www.rousseau.com.mx\/wp-content\/uploads\/2020\/07\/ID33773.jpg\">\r\n                \t\t\t\t<a href=\"https:\/\/www.rousseau.com.mx\/wp-content\/uploads\/2020\/07\/ID33773.jpg\" class=\"lightbox-link\" title=\"Chevrolet\"><\/a>\r\n                \t\t\t\t<figcaption>\r\n                \t\t\t\t\t<h5 class=\"item-title\">\r\n                \t\t\t\t\t\t<a href=\"https:\/\/www.rousseau.com.mx\/ingles\/fwp_project\/chevrolet\/\">Chevrolet<\/a>\r\n                \t\t\t\t\t<\/h5>\r\n                \t\t\t\t\t<p class=\"text-links\">\r\n            \t\t\t\t\t\t    Comercial\r\n                \t\t\t\t\t<\/p>\r\n                \t\t\t\t<\/figcaption>\r\n                \t\t\t<\/figure><figure class=\"portfolio-item residencial\" data-background=\"https:\/\/www.rousseau.com.mx\/wp-content\/uploads\/2020\/07\/ID36797-1.jpg\">\r\n                \t\t\t\t<a href=\"https:\/\/www.rousseau.com.mx\/wp-content\/uploads\/2020\/07\/ID36797-1.jpg\" class=\"lightbox-link\" title=\"Amazonas\"><\/a>\r\n                \t\t\t\t<figcaption>\r\n                \t\t\t\t\t<h5 class=\"item-title\">\r\n                \t\t\t\t\t\t<a href=\"https:\/\/www.rousseau.com.mx\/ingles\/fwp_project\/amazonas\/\">Amazonas<\/a>\r\n                \t\t\t\t\t<\/h5>\r\n                \t\t\t\t\t<p class=\"text-links\">\r\n            \t\t\t\t\t\t    Residencial\r\n                \t\t\t\t\t<\/p>\r\n                \t\t\t\t<\/figcaption>\r\n                \t\t\t<\/figure><\/div><\/div><\/section><section ><div class=\"columns col-sm-12\"><\/div><\/section>","protected":false},"excerpt":{"rendered":"Amazonas San Pedro Garza Garc\u00eda Ubicaci\u00f3nR\u00edo Amazonas #11 Col. Del Valle San Pedro Garza Garc\u00edaA\u00f1o2020EstadoEn Construcci\u00f3nM2815","protected":false},"author":1,"featured_media":0,"parent":0,"menu_order":0,"comment_status":"closed","ping_status":"closed","template":"template-normal.php","meta":{"footnotes":""},"class_list":["post-1024","page","type-page","status-publish","hentry"],"_links":{"self":[{"href":"https:\/\/www.rousseau.com.mx\/ingles\/wp-json\/wp\/v2\/pages\/1024","targetHints":{"allow":["GET"]}}],"collection":[{"href":"https:\/\/www.rousseau.com.mx\/ingles\/wp-json\/wp\/v2\/pages"}],"about":[{"href":"https:\/\/www.rousseau.com.mx\/ingles\/wp-json\/wp\/v2\/types\/page"}],"author":[{"embeddable":true,"href":"https:\/\/www.rousseau.com.mx\/ingles\/wp-json\/wp\/v2\/users\/1"}],"replies":[{"embeddable":true,"href":"https:\/\/www.rousseau.com.mx\/ingles\/wp-json\/wp\/v2\/comments?post=1024"}],"version-history":[{"count":10,"href":"https:\/\/www.rousseau.com.mx\/ingles\/wp-json\/wp\/v2\/pages\/1024\/revisions"}],"predecessor-version":[{"id":1896,"href":"https:\/\/www.rousseau.com.mx\/ingles\/wp-json\/wp\/v2\/pages\/1024\/revisions\/1896"}],"wp:attachment":[{"href":"https:\/\/www.rousseau.com.mx\/ingles\/wp-json\/wp\/v2\/media?parent=1024"}],"curies":[{"name":"wp","href":"https:\/\/api.w.org\/{rel}","templated":true}]}}