{"id":1579,"date":"2020-11-30T22:45:56","date_gmt":"2020-11-30T22:45:56","guid":{"rendered":"https:\/\/www.rousseau.com.mx\/?page_id=1579"},"modified":"2021-09-04T19:41:34","modified_gmt":"2021-09-04T19:41:34","slug":"proyectos-v2","status":"publish","type":"page","link":"https:\/\/www.rousseau.com.mx\/ingles\/proyectos-v2\/","title":{"rendered":"Proyectos v2"},"content":{"rendered":"<section class=\"hero hero-fullscreen background-parallax d-flex\" data-background=\"https:\/\/www.rousseau.com.mx\/wp-content\/uploads\/2021\/09\/1.jpg\"  data-overlay=\"black; .6\">\r\n\r\n        \t\t\t<div class=\"align-self-end pb-10 fullwidth text-center text-light\">\r\n        \t\t\t\t<h3 class=\"page-title-alt\">Projects<\/h3>\r\n        \t\t\t\t<p class=\"uppercase small\">Rousseau Arquitectos<\/p>\r\n        \t\t\t<\/div>\r\n\r\n\t\t        <\/section><section data-background=\"#000000\"><div class=\"columns col-sm-12\"><div class=\"masonry masonry-cards\" data-columns=\"3\" data-gutter=\"10\"><figure>\r\n                \t\t\t\t<a href=\"https:\/\/www.rousseau.com.mx\/ingles\/fwp_project\/valle-de-san-angel\/\">\r\n                \t\t\t\t\t<img decoding=\"async\" src=\"https:\/\/www.rousseau.com.mx\/wp-content\/uploads\/2020\/07\/CasaRussek_JBF_1202-1-scaled.jpg\" alt=\"Valle De San \u00c1ngel\" \/>\r\n                \t\t\t\t<\/a>\r\n                \t\t\t\t<figcaption>\r\n                \t\t\t\t\t<h6 class=\"item-title\"><a href=\"https:\/\/www.rousseau.com.mx\/ingles\/fwp_project\/valle-de-san-angel\/\">Valle De San \u00c1ngel<\/a><\/h6>\r\n                \t\t\t\t\t<p class=\"text-links\">\r\n            \t\t\t\t\t\t    Residencial\r\n                \t\t\t\t\t<\/p>\r\n                \t\t\t\t<\/figcaption>\r\n                \t\t\t<\/figure><figure>\r\n                \t\t\t\t<a href=\"https:\/\/www.rousseau.com.mx\/ingles\/fwp_project\/tec-196\/\">\r\n                \t\t\t\t\t<img decoding=\"async\" src=\"https:\/\/www.rousseau.com.mx\/wp-content\/uploads\/2020\/07\/ALBERCA.jpg\" alt=\"Tec 196\" \/>\r\n                \t\t\t\t<\/a>\r\n                \t\t\t\t<figcaption>\r\n                \t\t\t\t\t<h6 class=\"item-title\"><a href=\"https:\/\/www.rousseau.com.mx\/ingles\/fwp_project\/tec-196\/\">Tec 196<\/a><\/h6>\r\n                \t\t\t\t\t<p class=\"text-links\">\r\n            \t\t\t\t\t\t    Residencial\r\n                \t\t\t\t\t<\/p>\r\n                \t\t\t\t<\/figcaption>\r\n                \t\t\t<\/figure><figure>\r\n                \t\t\t\t<a href=\"https:\/\/www.rousseau.com.mx\/ingles\/fwp_project\/san-patricio\/\">\r\n                \t\t\t\t\t<img decoding=\"async\" src=\"https:\/\/www.rousseau.com.mx\/wp-content\/uploads\/2020\/07\/San_Patricio_Rosseau_Arquitectos-8.jpg\" alt=\"San Patricio\" \/>\r\n                \t\t\t\t<\/a>\r\n                \t\t\t\t<figcaption>\r\n                \t\t\t\t\t<h6 class=\"item-title\"><a href=\"https:\/\/www.rousseau.com.mx\/ingles\/fwp_project\/san-patricio\/\">San Patricio<\/a><\/h6>\r\n                \t\t\t\t\t<p class=\"text-links\">\r\n            \t\t\t\t\t\t    Residencial\r\n                \t\t\t\t\t<\/p>\r\n                \t\t\t\t<\/figcaption>\r\n                \t\t\t<\/figure><figure>\r\n                \t\t\t\t<a href=\"https:\/\/www.rousseau.com.mx\/ingles\/fwp_project\/punto-central\/\">\r\n                \t\t\t\t\t<img decoding=\"async\" src=\"https:\/\/www.rousseau.com.mx\/wp-content\/uploads\/2020\/07\/Punto_Central_Rosseau_Arquitectos-11.jpg\" alt=\"Punto Central\" \/>\r\n                \t\t\t\t<\/a>\r\n                \t\t\t\t<figcaption>\r\n                \t\t\t\t\t<h6 class=\"item-title\"><a href=\"https:\/\/www.rousseau.com.mx\/ingles\/fwp_project\/punto-central\/\">Punto Central<\/a><\/h6>\r\n                \t\t\t\t\t<p class=\"text-links\">\r\n            \t\t\t\t\t\t    Multifamiliar\r\n                \t\t\t\t\t<\/p>\r\n                \t\t\t\t<\/figcaption>\r\n                \t\t\t<\/figure><figure>\r\n                \t\t\t\t<a href=\"https:\/\/www.rousseau.com.mx\/ingles\/fwp_project\/nuevo-sur\/\">\r\n                \t\t\t\t\t<img decoding=\"async\" src=\"https:\/\/www.rousseau.com.mx\/wp-content\/uploads\/2020\/07\/ID39520.jpg\" alt=\"Nuevo Sur\" \/>\r\n                \t\t\t\t<\/a>\r\n                \t\t\t\t<figcaption>\r\n                \t\t\t\t\t<h6 class=\"item-title\"><a href=\"https:\/\/www.rousseau.com.mx\/ingles\/fwp_project\/nuevo-sur\/\">Nuevo Sur<\/a><\/h6>\r\n                \t\t\t\t\t<p class=\"text-links\">\r\n            \t\t\t\t\t\t    Uso Mixto\r\n                \t\t\t\t\t<\/p>\r\n                \t\t\t\t<\/figcaption>\r\n                \t\t\t<\/figure><figure>\r\n                \t\t\t\t<a href=\"https:\/\/www.rousseau.com.mx\/ingles\/fwp_project\/la-punta\/\">\r\n                \t\t\t\t\t<img decoding=\"async\" src=\"https:\/\/www.rousseau.com.mx\/wp-content\/uploads\/2020\/07\/ID34556.jpg\" alt=\"La Punta\" \/>\r\n                \t\t\t\t<\/a>\r\n                \t\t\t\t<figcaption>\r\n                \t\t\t\t\t<h6 class=\"item-title\"><a href=\"https:\/\/www.rousseau.com.mx\/ingles\/fwp_project\/la-punta\/\">La Punta<\/a><\/h6>\r\n                \t\t\t\t\t<p class=\"text-links\">\r\n            \t\t\t\t\t\t    Residencial\r\n                \t\t\t\t\t<\/p>\r\n                \t\t\t\t<\/figcaption>\r\n                \t\t\t<\/figure><figure>\r\n                \t\t\t\t<a href=\"https:\/\/www.rousseau.com.mx\/ingles\/fwp_project\/prados-de-la-sierra\/\">\r\n                \t\t\t\t\t<img decoding=\"async\" src=\"https:\/\/www.rousseau.com.mx\/wp-content\/uploads\/2020\/07\/Rousseau_Arquitectos_Monterrey_9.jpg\" alt=\"Prados De La Sierra\" \/>\r\n                \t\t\t\t<\/a>\r\n                \t\t\t\t<figcaption>\r\n                \t\t\t\t\t<h6 class=\"item-title\"><a href=\"https:\/\/www.rousseau.com.mx\/ingles\/fwp_project\/prados-de-la-sierra\/\">Prados De La Sierra<\/a><\/h6>\r\n                \t\t\t\t\t<p class=\"text-links\">\r\n            \t\t\t\t\t\t    Residencial\r\n                \t\t\t\t\t<\/p>\r\n                \t\t\t\t<\/figcaption>\r\n                \t\t\t<\/figure><figure>\r\n                \t\t\t\t<a href=\"https:\/\/www.rousseau.com.mx\/ingles\/fwp_project\/marsella\/\">\r\n                \t\t\t\t\t<img decoding=\"async\" src=\"https:\/\/www.rousseau.com.mx\/wp-content\/uploads\/2020\/07\/CasaRousseau_JBF_2272-1.jpg\" alt=\"Marsella\" \/>\r\n                \t\t\t\t<\/a>\r\n                \t\t\t\t<figcaption>\r\n                \t\t\t\t\t<h6 class=\"item-title\"><a href=\"https:\/\/www.rousseau.com.mx\/ingles\/fwp_project\/marsella\/\">Marsella<\/a><\/h6>\r\n                \t\t\t\t\t<p class=\"text-links\">\r\n            \t\t\t\t\t\t    Residencial\r\n                \t\t\t\t\t<\/p>\r\n                \t\t\t\t<\/figcaption>\r\n                \t\t\t<\/figure><figure>\r\n                \t\t\t\t<a href=\"https:\/\/www.rousseau.com.mx\/ingles\/fwp_project\/miguel-angel\/\">\r\n                \t\t\t\t\t<img decoding=\"async\" src=\"https:\/\/www.rousseau.com.mx\/wp-content\/uploads\/2020\/07\/ID30350.jpg\" alt=\"Miguel \u00c1ngel\" \/>\r\n                \t\t\t\t<\/a>\r\n                \t\t\t\t<figcaption>\r\n                \t\t\t\t\t<h6 class=\"item-title\"><a href=\"https:\/\/www.rousseau.com.mx\/ingles\/fwp_project\/miguel-angel\/\">Miguel \u00c1ngel<\/a><\/h6>\r\n                \t\t\t\t\t<p class=\"text-links\">\r\n            \t\t\t\t\t\t    Residencial\r\n                \t\t\t\t\t<\/p>\r\n                \t\t\t\t<\/figcaption>\r\n                \t\t\t<\/figure><figure>\r\n                \t\t\t\t<a href=\"https:\/\/www.rousseau.com.mx\/ingles\/fwp_project\/la-escondida\/\">\r\n                \t\t\t\t\t<img decoding=\"async\" src=\"https:\/\/www.rousseau.com.mx\/wp-content\/uploads\/2020\/07\/ID35445.jpg\" alt=\"La Escondida\" \/>\r\n                \t\t\t\t<\/a>\r\n                \t\t\t\t<figcaption>\r\n                \t\t\t\t\t<h6 class=\"item-title\"><a href=\"https:\/\/www.rousseau.com.mx\/ingles\/fwp_project\/la-escondida\/\">La Escondida<\/a><\/h6>\r\n                \t\t\t\t\t<p class=\"text-links\">\r\n            \t\t\t\t\t\t    Residencial\r\n                \t\t\t\t\t<\/p>\r\n                \t\t\t\t<\/figcaption>\r\n                \t\t\t<\/figure><figure>\r\n                \t\t\t\t<a href=\"https:\/\/www.rousseau.com.mx\/ingles\/fwp_project\/casa-fatima\/\">\r\n                \t\t\t\t\t<img decoding=\"async\" src=\"https:\/\/www.rousseau.com.mx\/wp-content\/uploads\/2020\/07\/ID39516.jpg\" alt=\"Casa F\u00e1tima\" \/>\r\n                \t\t\t\t<\/a>\r\n                \t\t\t\t<figcaption>\r\n                \t\t\t\t\t<h6 class=\"item-title\"><a href=\"https:\/\/www.rousseau.com.mx\/ingles\/fwp_project\/casa-fatima\/\">Casa F\u00e1tima<\/a><\/h6>\r\n                \t\t\t\t\t<p class=\"text-links\">\r\n            \t\t\t\t\t\t    Residencial\r\n                \t\t\t\t\t<\/p>\r\n                \t\t\t\t<\/figcaption>\r\n                \t\t\t<\/figure><figure>\r\n                \t\t\t\t<a href=\"https:\/\/www.rousseau.com.mx\/ingles\/fwp_project\/connexity\/\">\r\n                \t\t\t\t\t<img decoding=\"async\" src=\"https:\/\/www.rousseau.com.mx\/wp-content\/uploads\/2020\/07\/Connexity-louvers-detalle.jpg\" alt=\"Connexity\" \/>\r\n                \t\t\t\t<\/a>\r\n                \t\t\t\t<figcaption>\r\n                \t\t\t\t\t<h6 class=\"item-title\"><a href=\"https:\/\/www.rousseau.com.mx\/ingles\/fwp_project\/connexity\/\">Connexity<\/a><\/h6>\r\n                \t\t\t\t\t<p class=\"text-links\">\r\n            \t\t\t\t\t\t    Uso Mixto\r\n                \t\t\t\t\t<\/p>\r\n                \t\t\t\t<\/figcaption>\r\n                \t\t\t<\/figure><figure>\r\n                \t\t\t\t<a href=\"https:\/\/www.rousseau.com.mx\/ingles\/fwp_project\/casa-cuatro\/\">\r\n                \t\t\t\t\t<img decoding=\"async\" src=\"https:\/\/www.rousseau.com.mx\/wp-content\/uploads\/2020\/07\/FACHADA-PPAL-CASA-CUATRO.jpg\" alt=\"Casa Cuatro\" \/>\r\n                \t\t\t\t<\/a>\r\n                \t\t\t\t<figcaption>\r\n                \t\t\t\t\t<h6 class=\"item-title\"><a href=\"https:\/\/www.rousseau.com.mx\/ingles\/fwp_project\/casa-cuatro\/\">Casa Cuatro<\/a><\/h6>\r\n                \t\t\t\t\t<p class=\"text-links\">\r\n            \t\t\t\t\t\t    Residencial\r\n                \t\t\t\t\t<\/p>\r\n                \t\t\t\t<\/figcaption>\r\n                \t\t\t<\/figure><figure>\r\n                \t\t\t\t<a href=\"https:\/\/www.rousseau.com.mx\/ingles\/fwp_project\/chevrolet\/\">\r\n                \t\t\t\t\t<img decoding=\"async\" src=\"https:\/\/www.rousseau.com.mx\/wp-content\/uploads\/2020\/07\/ID33773.jpg\" alt=\"Chevrolet\" \/>\r\n                \t\t\t\t<\/a>\r\n                \t\t\t\t<figcaption>\r\n                \t\t\t\t\t<h6 class=\"item-title\"><a href=\"https:\/\/www.rousseau.com.mx\/ingles\/fwp_project\/chevrolet\/\">Chevrolet<\/a><\/h6>\r\n                \t\t\t\t\t<p class=\"text-links\">\r\n            \t\t\t\t\t\t    Comercial\r\n                \t\t\t\t\t<\/p>\r\n                \t\t\t\t<\/figcaption>\r\n                \t\t\t<\/figure><figure>\r\n                \t\t\t\t<a href=\"https:\/\/www.rousseau.com.mx\/ingles\/fwp_project\/amazonas\/\">\r\n                \t\t\t\t\t<img decoding=\"async\" src=\"https:\/\/www.rousseau.com.mx\/wp-content\/uploads\/2020\/07\/ID36797-1.jpg\" alt=\"Amazonas\" \/>\r\n                \t\t\t\t<\/a>\r\n                \t\t\t\t<figcaption>\r\n                \t\t\t\t\t<h6 class=\"item-title\"><a href=\"https:\/\/www.rousseau.com.mx\/ingles\/fwp_project\/amazonas\/\">Amazonas<\/a><\/h6>\r\n                \t\t\t\t\t<p class=\"text-links\">\r\n            \t\t\t\t\t\t    Residencial\r\n                \t\t\t\t\t<\/p>\r\n                \t\t\t\t<\/figcaption>\r\n                \t\t\t<\/figure><\/div><\/div><\/section>","protected":false},"excerpt":{"rendered":"Amazonas San Pedro Garza Garc\u00eda Ubicaci\u00f3nR\u00edo Amazonas #11 Col. Del Valle San Pedro Garza Garc\u00edaA\u00f1o2020EstadoEn Construcci\u00f3nM2815","protected":false},"author":1,"featured_media":0,"parent":0,"menu_order":0,"comment_status":"closed","ping_status":"closed","template":"template-without-lines.php","meta":{"footnotes":""},"class_list":["post-1579","page","type-page","status-publish","hentry"],"_links":{"self":[{"href":"https:\/\/www.rousseau.com.mx\/ingles\/wp-json\/wp\/v2\/pages\/1579","targetHints":{"allow":["GET"]}}],"collection":[{"href":"https:\/\/www.rousseau.com.mx\/ingles\/wp-json\/wp\/v2\/pages"}],"about":[{"href":"https:\/\/www.rousseau.com.mx\/ingles\/wp-json\/wp\/v2\/types\/page"}],"author":[{"embeddable":true,"href":"https:\/\/www.rousseau.com.mx\/ingles\/wp-json\/wp\/v2\/users\/1"}],"replies":[{"embeddable":true,"href":"https:\/\/www.rousseau.com.mx\/ingles\/wp-json\/wp\/v2\/comments?post=1579"}],"version-history":[{"count":10,"href":"https:\/\/www.rousseau.com.mx\/ingles\/wp-json\/wp\/v2\/pages\/1579\/revisions"}],"predecessor-version":[{"id":1665,"href":"https:\/\/www.rousseau.com.mx\/ingles\/wp-json\/wp\/v2\/pages\/1579\/revisions\/1665"}],"wp:attachment":[{"href":"https:\/\/www.rousseau.com.mx\/ingles\/wp-json\/wp\/v2\/media?parent=1579"}],"curies":[{"name":"wp","href":"https:\/\/api.w.org\/{rel}","templated":true}]}}