{"id":9,"date":"2018-03-16T10:23:26","date_gmt":"2018-03-16T10:23:26","guid":{"rendered":"http:\/\/localhost\/torola\/?page_id=9"},"modified":"2025-07-23T17:05:37","modified_gmt":"2025-07-23T17:05:37","slug":"nosotros","status":"publish","type":"page","link":"https:\/\/www.rousseau.com.mx\/ingles\/nosotros\/","title":{"rendered":"ABOUT US"},"content":{"rendered":"<section class=\"hero hero-fullscreen background-parallax d-flex\" data-background=\"https:\/\/www.rousseau.com.mx\/wp-content\/uploads\/2020\/11\/ROUSSEAU_0000_Connexity-general-dia.jpg\"  data-overlay=\"black; .6\">\r\n\r\n        \t\t\t<div class=\"align-self-end pb-10 fullwidth text-center text-light\">\r\n        \t\t\t\t<h3 class=\"page-title-alt\">ABOUT US<\/h3>\r\n        \t\t\t\t<p class=\"uppercase small\">Rousseau Arquitectos<\/p>\r\n        \t\t\t<\/div>\r\n\r\n\t\t        <\/section><section class=\"vc_custom_1606459197261 row-has-fill bg-lines pt-13 pr-8 pb-13 pl-8\"><div class=\"container p-0\"><div class=\"row no-gutters\"><div class=\"columns col-sm-12 vc_col-xs-12\"><h5 style=\"text-align: center;\"><span style=\"color: #ffffff;\">We have the experience and knowledge of 50 years to design and build <\/span><br \/>\n<span style=\"color: #ffffff;\">spaces that meet the expectations and needs of our customers.<\/span><\/h5>\n<h5 style=\"text-align: center;\"><span style=\"color: #ffffff;\">The works are committed to achieving the best design and functionality<\/span><br \/>\n<span style=\"color: #ffffff;\">so that ideas and challenges become unique spaces.<\/span><\/h5>\n<\/div><\/div><\/div><\/section><section class=\"split-section\"><div class=\"row\"><div class=\"columns col-sm-6\" data-background=\"https:\/\/www.rousseau.com.mx\/wp-content\/uploads\/2020\/07\/San_Patricio_Rosseau_Arquitectos-8.jpg\"><\/div><div class=\"columns col-sm-6 flex-center text-light pt-9 pr-9 pb-9 pl-9\" data-background=\"#222222\"><section class=\"row vc_custom_1521461082558\"><div class=\"columns col-sm-12\"><h5>OUR HISTORY<\/h5><hr class=\"separator-left\"><h5><span style=\"color: #ffffff;\">Currently the Firm is led by: Enrique Rousseau Garza e Son, Rousseau Arquitectos began operations in 1970 in the city of Monterrey Mexico, designing and building a large number of works in different areas: Residential, Industrial, Commercial, Mixed Use and Housing Buildings<\/span><\/h5>\n<h5><span style=\"color: #ffffff;\">In a great collaboration of Architects and Consultants they work together to achieve all Specialties: Structural Engineering, Sustainability, Interior Design, Landscaping and Automation.<\/span><\/h5>\n<h5><span style=\"color: #ffffff;\">The office works together with various Institutions and supports the following Universities and Development Groups: UANL, ITESM, Colegio de Arquitectos de Nuevo Le\u00f3n, Orange Investments, Empresas Mira, among others.<\/span><\/h5>\n<h5><span style=\"color: #ffffff;\">Los trabajos han sido publicados en Various Media. Se han obtenido premios en Diferentes Concursos: Premio Calli Glass 2008 y 2011, Premios de Reconocimiento Cemex en diferentes a\u00f1os, Premio a la Mejor Obra del A\u00f1o en la categor\u00eda de Edificios de Uso Mixto 2010 por CNN-Expansi\u00f3n. Distinci\u00f3n a la Excelencia Profesional por la Federaci\u00f3n Nacional de Arquitectos. La m\u00e1s reciente de las Mejores Firmas en 2011 y el Premio a la Excelencia Profesional de la UANL en 2011.<\/span><\/h5>\n<\/div><\/section><\/div><\/div><\/section><section class=\"split-section\" data-background=\"https:\/\/www.rousseau.com.mx\/wp-content\/uploads\/2020\/07\/ID39450.jpg\"><div class=\"row\"><div class=\"columns col-sm-6\" data-background=\"#222222\"><section class=\"row vc_custom_1521461082558\"><div class=\"columns col-sm-12\"><div class=\"vc_empty_space\"   style=\"height: 42px\" ><span class=\"vc_empty_space_inner\"><\/span><\/div>\n<h5 class=\"text-light\">Service<\/h5><hr class=\"separator-left\"><h5><span style=\"color: #ffffff;\">La firma ofrece una gama completa de servicios de arquitectura, desde el dise\u00f1o previo hasta el dise\u00f1o detallado, la documentaci\u00f3n, el dise\u00f1o de interiores y la gesti\u00f3n de proyectos. Entre otras actividades se encuentran las especialidades de Edificios de Viviendas y Usados Mixtos. <\/span><\/h5>\n<h5><span style=\"color: #ffffff;\">The full range of design process, development, research, as well as interior design and furniture are all part of work and creativity. <\/span><\/h5>\n<h5><span style=\"color: #ffffff;\">Rousseau Arquitectos works together with developers to examine and create real estate solutions and alternatives, as a result, we provide comprehensive information for large functional and unique buildings.<\/span><\/h5>\n<h5><span style=\"color: #ffffff;\">Areas of expertise include residential, mixed use, commercial, home development, and apartment buildings, among others.<\/span><\/h5>\n<h5><span style=\"color: #ffffff;\">Rousseau Arquitectos opera en base a idea-soluci\u00f3n con el objetivo de excelencia, eficiencia y funcionalidad que se ha convertido en el reconocimiento de la firma.<\/span><\/h5>\n<\/div><\/section><\/div><div class=\"columns col-sm-6 flex-center text-light pt-9 pr-9 pb-9 pl-9\" data-background=\"https:\/\/www.rousseau.com.mx\/wp-content\/uploads\/2020\/07\/San_Patricio_Rosseau_Arquitectos-7.jpg\"><\/div><\/div><\/section><section class=\"text-light pt-13 pr-7 pb-13 pl-7\" data-background=\"#101010\"><div class=\"container p-0\"><h5 class=\"mb-8\">OUR TEAM<\/h5><div class=\"row\"><div class=\"col-md-6\" data-animation=\"fade-in-bottom 1.2s .2s\"><h5 class=\"uppercase mt-5\">Enrique Rousseau Garza <small>Associate \/ Design Project Director<\/small><\/h5>\r\n\t\t\t\t\t\t<p class=\"opacity-05\">rousseaug@rousseau.com.mx<\/p><p class=\"small serif italic text-links mt-5\"><a href=\"\" target=\"_blank\"><\/a><\/p><\/div><div class=\"col-md-6\" data-animation=\"fade-in-bottom 1.2s .4s\"><h5 class=\"uppercase mt-5\">Enrique Rousseau Garza Jr <small>Associate \/ Architect &amp; Project Director<\/small><\/h5>\r\n\t\t\t\t\t\t<p class=\"opacity-05\">erousseau@rousseau.com.mx<\/p><p class=\"small serif italic text-links mt-5\"><a href=\"\" target=\"_blank\"><\/a><\/p><\/div><\/div><div class=\"row\"><div class=\"col-md-6\" data-animation=\"fade-in-bottom 1.2s .2s\"><h5 class=\"uppercase mt-5\">Enrique Rousseau <small>Associate \/ Architect &amp; Project Director<\/small><\/h5>\r\n\t\t\t\t\t\t<p class=\"opacity-05\">rousseaua@rousseau.com.mx<\/p><p class=\"small serif italic text-links mt-5\"><a href=\"\" target=\"_blank\"><\/a><\/p><\/div><div class=\"col-md-6\" data-animation=\"fade-in-bottom 1.2s .4s\"><h5 class=\"uppercase mt-5\">B\u00e1rbara Acu\u00f1a <small>ARCHITECT \/ PROJECT MANAGER &amp; DESIGNER<\/small><\/h5>\r\n\t\t\t\t\t\t<p class=\"opacity-05\">b.acuna@rousseau.com.mx<\/p><p class=\"small serif italic text-links mt-5\"><a href=\"\" target=\"_blank\"><\/a><\/p><\/div><\/div><div class=\"row\"><div class=\"col-md-6\" data-animation=\"fade-in-bottom 1.2s .2s\"><h5 class=\"uppercase mt-5\">Andr\u00e9s Rangel <small>Architect \/ Project Manager <\/small><\/h5>\r\n\t\t\t\t\t\t<p class=\"opacity-05\">arangel@rousseau.com.mx<\/p><p class=\"small serif italic text-links mt-5\"><a href=\"\" target=\"_blank\"><\/a><\/p><\/div><div class=\"col-md-6\" data-animation=\"fade-in-bottom 1.2s .4s\"><h5 class=\"uppercase mt-5\">Jos\u00e9 Zamora <small>Architect \/Project Design Manager <\/small><\/h5>\r\n\t\t\t\t\t\t<p class=\"opacity-05\">mgarza@rousseau.com.mx<\/p><p class=\"small serif italic text-links mt-5\"><a href=\"\" target=\"_blank\"><\/a><\/p><\/div><\/div><div class=\"row\"><div class=\"col-md-6\" data-animation=\"fade-in-bottom 1.2s .2s\"><h5 class=\"uppercase mt-5\">Marco Garza <small>Architect \/ Project Manager<\/small><\/h5>\r\n\t\t\t\t\t\t<p class=\"opacity-05\">mgarza@rousseau.com.mx<\/p><p class=\"small serif italic text-links mt-5\"><a href=\"\" target=\"_blank\"><\/a><\/p><\/div><div class=\"col-md-6\" data-animation=\"fade-in-bottom 1.2s .4s\"><h5 class=\"uppercase mt-5\">Ricardo Aguill\u00f3n <small>Architect \/ Project Designer <\/small><\/h5>\r\n\t\t\t\t\t\t<p class=\"opacity-05\">raguill\u00f3n@rousseau.com.mx<\/p><p class=\"small serif italic text-links mt-5\"><a href=\"\" target=\"_blank\"><\/a><\/p><\/div><\/div><div class=\"row\"><div class=\"col-md-6\" data-animation=\"fade-in-bottom 1.2s .2s\"><h5 class=\"uppercase mt-5\">Jes\u00fas Urteaga <small>ARCHITECT \/ PROJECT MANAGER<\/small><\/h5>\r\n\t\t\t\t\t\t<p class=\"opacity-05\">jurteaga@rousseau.com.mx<\/p><p class=\"small serif italic text-links mt-5\"><a href=\"\" target=\"_blank\"><\/a><\/p><\/div><div class=\"col-md-6\" data-animation=\"fade-in-bottom 1.2s .4s\"><h5 class=\"uppercase mt-5\">Valeria G\u00f3mez <small>Architect \/ Project Designer<\/small><\/h5>\r\n\t\t\t\t\t\t<p class=\"opacity-05\">vgomez@rousseau.com.mx<\/p><p class=\"small serif italic text-links mt-5\"><a href=\"\" target=\"_blank\"><\/a><\/p><\/div><\/div><div class=\"row\"><div class=\"col-md-6\" data-animation=\"fade-in-bottom 1.2s .2s\"><h5 class=\"uppercase mt-5\">Leticia Cordero <small>Administrative Assistant<\/small><\/h5>\r\n\t\t\t\t\t\t<p class=\"opacity-05\">lcordero@rousseau.com.mx<\/p><p class=\"small serif italic text-links mt-5\"><a href=\"\" target=\"_blank\"><\/a><\/p><\/div><div class=\"col-md-6\" data-animation=\"fade-in-bottom 1.2s .4s\"><h5 class=\"uppercase mt-5\">Esthela Rasc\u00f3n <small>ARCHITECT \/ PROJECT MANAGER &amp; DESIGNER<\/small><\/h5>\r\n\t\t\t\t\t\t<p class=\"opacity-05\">erascon@rousseau.com.mx<\/p><p class=\"small serif italic text-links mt-5\"><a href=\"\" target=\"_blank\"><\/a><\/p><\/div><\/div><\/div><\/section><section class=\"hero hero-fullscreen slider-thumbnails\">\r\n        <div class=\"swiper\"\r\n\t\t    data-swiper-name=\"original-images\"\r\n\t\t\tdata-sync=\"thumbnail-images\"\r\n\t\t\tdata-mousewheel=\"true\"\r\n\t\t\tdata-keyboard=\"true\"\r\n\t\t\tdata-effect=\"fade\"><div class=\"swiper-slide\" data-background=\"\"><\/div><\/div><div class=\"thumbnail-images\">\r\n        <div class=\"swiper\"\r\n            data-swiper-name=\"thumbnail-images\"\r\n            data-sync=\"original-images\"\r\n            data-slides-per-view=\"auto\"\r\n            data-centered-slides=\"true\"><div class=\"swiper-slide\" data-background=\"\"><\/div><\/div>\r\n        <\/div><\/section><div class=\"justified lightbox\"\r\n           data-target-height=\"300\"\r\n           data-gutter=\"5\"\r\n           data-thumbnails=\"true\"\r\n           data-thumbnails-pinned=\"true\"><a href=\"\" class=\"lightbox-link\" data-thumbnail=\"\">\r\n            \t\t\t\t<img decoding=\"async\" src=\"\">\r\n            \t\t\t<\/a><a href=\"\" class=\"lightbox-link\" data-thumbnail=\"\">\r\n            \t\t\t\t<img decoding=\"async\" src=\"\">\r\n            \t\t\t<\/a><a href=\"\" class=\"lightbox-link\" data-thumbnail=\"\">\r\n            \t\t\t\t<img decoding=\"async\" src=\"\">\r\n            \t\t\t<\/a><a href=\"\" class=\"lightbox-link\" data-thumbnail=\"\">\r\n            \t\t\t\t<img decoding=\"async\" src=\"\">\r\n            \t\t\t<\/a><a href=\"\" class=\"lightbox-link\" data-thumbnail=\"\">\r\n            \t\t\t\t<img decoding=\"async\" src=\"\">\r\n            \t\t\t<\/a><a href=\"\" class=\"lightbox-link\" data-thumbnail=\"\">\r\n            \t\t\t\t<img decoding=\"async\" src=\"\">\r\n            \t\t\t<\/a><a href=\"\" class=\"lightbox-link\" data-thumbnail=\"\">\r\n            \t\t\t\t<img decoding=\"async\" src=\"\">\r\n            \t\t\t<\/a><a href=\"\" class=\"lightbox-link\" data-thumbnail=\"\">\r\n            \t\t\t\t<img decoding=\"async\" src=\"\">\r\n            \t\t\t<\/a><a href=\"\" class=\"lightbox-link\" data-thumbnail=\"\">\r\n            \t\t\t\t<img decoding=\"async\" src=\"\">\r\n            \t\t\t<\/a><a href=\"\" class=\"lightbox-link\" data-thumbnail=\"\">\r\n            \t\t\t\t<img decoding=\"async\" src=\"\">\r\n            \t\t\t<\/a><a href=\"\" class=\"lightbox-link\" data-thumbnail=\"\">\r\n            \t\t\t\t<img decoding=\"async\" src=\"\">\r\n            \t\t\t<\/a><a href=\"\" class=\"lightbox-link\" data-thumbnail=\"\">\r\n            \t\t\t\t<img decoding=\"async\" src=\"\">\r\n            \t\t\t<\/a><a href=\"\" class=\"lightbox-link\" data-thumbnail=\"\">\r\n            \t\t\t\t<img decoding=\"async\" src=\"\">\r\n            \t\t\t<\/a><\/div><section data-vc-full-width=\"true\" data-vc-full-width-init=\"false\" data-vc-stretch-content=\"true\" class=\"vc_column-gap-30 row-no-padding row-o-equal-height row-flex bg-lines pt-10 pb-13\"><div class=\"container p-0\"><div class=\"row no-gutters\"><div data-animation=\"fade-in-bottom 1s 0.2s\" class=\"columns col-sm-3\"><h6 class=\"mt-7 mb-4 bold uppercase\">Ubicaci\u00f3n<\/h6><\/div><div data-animation=\"fade-in-bottom 1s 0.4s\" class=\"columns col-sm-3\"><h6 class=\"mt-7 mb-4 bold uppercase\">A\u00f1o<\/h6><p>2013<\/p><\/div><div data-animation=\"fade-in-bottom 1s 0.6s\" class=\"columns col-sm-3\"><h6 class=\"mt-7 mb-4 bold uppercase\">Estado<\/h6><p>Construido<\/p><\/div><div data-animation=\"fade-in-bottom 1s 0.8s\" class=\"columns col-sm-3\"><h6 class=\"mt-7 mb-4 bold uppercase\">M2<\/h6><p>860<\/p><\/div><\/div><\/div><\/section><div class=\"vc_row-full-width vc_clearfix\"><\/div>","protected":false},"excerpt":{"rendered":"Nosotros Rousseau Arquitectos Contamos con la experiencia y el conocimiento de 50 a\u00f1os para dise\u00f1ar y construir espacios que resuelvan las expectativas y necesidades de nuestros clientes. Las obras apuestan por conseguir el mejor dise\u00f1o y funcionalidad para que las ideas y retos se conviertan en espacios \u00fanicos. NUESTRA HISTORIAActualmente la Firma est\u00e1 liderada por: [...]","protected":false},"author":1,"featured_media":0,"parent":0,"menu_order":0,"comment_status":"closed","ping_status":"closed","template":"template-without-lines.php","meta":{"footnotes":""},"class_list":["post-9","page","type-page","status-publish","hentry"],"_links":{"self":[{"href":"https:\/\/www.rousseau.com.mx\/ingles\/wp-json\/wp\/v2\/pages\/9","targetHints":{"allow":["GET"]}}],"collection":[{"href":"https:\/\/www.rousseau.com.mx\/ingles\/wp-json\/wp\/v2\/pages"}],"about":[{"href":"https:\/\/www.rousseau.com.mx\/ingles\/wp-json\/wp\/v2\/types\/page"}],"author":[{"embeddable":true,"href":"https:\/\/www.rousseau.com.mx\/ingles\/wp-json\/wp\/v2\/users\/1"}],"replies":[{"embeddable":true,"href":"https:\/\/www.rousseau.com.mx\/ingles\/wp-json\/wp\/v2\/comments?post=9"}],"version-history":[{"count":10,"href":"https:\/\/www.rousseau.com.mx\/ingles\/wp-json\/wp\/v2\/pages\/9\/revisions"}],"predecessor-version":[{"id":1904,"href":"https:\/\/www.rousseau.com.mx\/ingles\/wp-json\/wp\/v2\/pages\/9\/revisions\/1904"}],"wp:attachment":[{"href":"https:\/\/www.rousseau.com.mx\/ingles\/wp-json\/wp\/v2\/media?parent=9"}],"curies":[{"name":"wp","href":"https:\/\/api.w.org\/{rel}","templated":true}]}}